{"id":108586,"date":"2023-08-09T10:33:49","date_gmt":"2023-08-09T17:33:49","guid":{"rendered":"https:\/\/www.seattlefreshbucks.org\/politicas-del-programa\/"},"modified":"2024-11-12T11:45:18","modified_gmt":"2024-11-12T19:45:18","slug":"politicas-del-programa","status":"publish","type":"page","link":"https:\/\/www.seattlefreshbucks.org\/es\/politicas-del-programa\/","title":{"rendered":"Pol\u00edticas del programa"},"content":{"rendered":"<p>[et_pb_section fb_built=&#8221;1&#8243; _builder_version=&#8221;4.16&#8243; _module_preset=&#8221;default&#8221; custom_margin=&#8221;0px||0px||true|false&#8221; custom_padding=&#8221;0px||0px||true|false&#8221; global_colors_info=&#8221;{}&#8221;][et_pb_row _builder_version=&#8221;4.17.3&#8243; _module_preset=&#8221;default&#8221; global_colors_info=&#8221;{}&#8221;][et_pb_column type=&#8221;4_4&#8243; _builder_version=&#8221;4.17.3&#8243; _module_preset=&#8221;default&#8221; global_colors_info=&#8221;{}&#8221;][et_pb_text _builder_version=&#8221;4.17.3&#8243; _module_preset=&#8221;default&#8221; global_colors_info=&#8221;{}&#8221;]<\/p>\n<h1>Pol\u00edticas del programa Fresh Bucks<\/h1>\n<p><span>Fresh Bucks valora su participaci\u00f3n y se esfuerza por proporcionar la mejor experiencia para todos nuestros clientes. Para mantener la efectividad y la distribuci\u00f3n equitativa de los recursos dentro de nuestro programa, hemos establecido las siguientes pol\u00edticas del programa: <\/span><span> <\/span><span><\/span><\/p>\n<p>[\/et_pb_text][et_pb_accordion _builder_version=&#8221;4.27.0&#8243; _module_preset=&#8221;default&#8221; toggle_level=&#8221;h3&#8243; hover_enabled=&#8221;0&#8243; global_colors_info=&#8221;{}&#8221; sticky_enabled=&#8221;0&#8243;][et_pb_accordion_item title=&#8221;Pol\u00edtica de uso de beneficios&#8221; open=&#8221;on&#8221; _builder_version=&#8221;4.17.3&#8243; _module_preset=&#8221;default&#8221; global_colors_info=&#8221;{}&#8221;]<\/p>\n<p><span>Alentamos a los clientes a que usen sus beneficios todos los meses para seguir inscritos en Fresh Bucks. Los beneficios de Fresh Bucks son para todo su hogar, no solo para una persona. Si alguien est\u00e1 enfermo, de viaje, etc., cualquier persona de su hogar puede comprar y usar los beneficios.<\/span><span> <\/span><\/p>\n<p><span>Si no usa sus beneficios por tres meses seguidos, estar\u00e1 sujeto a ser eliminado del programa Fresh Bucks. <\/span><span> <\/span><\/p>\n<p><span>Nos pondremos en contacto con usted si no usa sus beneficios por tres meses seguidos. Le enviaremos un correo electr\u00f3nico (si tenemos su direcci\u00f3n de correo electr\u00f3nico) y le enviaremos una carta a la direcci\u00f3n que tenemos para usted. Si no ha usado sus beneficios ni se ha puesto en contacto con nosotros dentro del plazo de dos meses tras recibir la carta enviada por correo, ser\u00e1 eliminado del programa. Le enviaremos una \u00faltima carta de confirmaci\u00f3n inform\u00e1ndole que se ha cancelado su inscripci\u00f3n. Todas las comunicaciones se enviar\u00e1n en el idioma de su preferencia. <\/span><span> <\/span><\/p>\n<p>[\/et_pb_accordion_item][et_pb_accordion_item title=&#8221;Pol\u00edtica de restablecimiento de beneficios&#8221; _builder_version=&#8221;4.17.3&#8243; _module_preset=&#8221;default&#8221; global_colors_info=&#8221;{}&#8221; open=&#8221;off&#8221;]<\/p>\n<p><span>Si se cancela su inscripci\u00f3n en Fresh Bucks, puede ponerse en contacto con nosotros dentro del plazo de dos meses tras recibir la carta de confirmaci\u00f3n y solicitar su reincorporaci\u00f3n al programa. Tiene que comunicarse con nosotros directamente para hacer esta petici\u00f3n en <\/span><a href=\"mailto:freshbucks@seattle.gov\"><span>freshbucks@seattle.gov<\/span><\/a><span> o llamando al 206-256-5438. Tenga en cuenta que solo puede solicitar su reincorporaci\u00f3n una vez. <\/span><span> <\/span><\/p>\n<p><span>Si se comunica con nosotros dentro del plazo de 30 d\u00edas tras ser eliminado del programa, reactivaremos su tarjeta original y podr\u00e1 empezar a usar sus beneficios de inmediato. Si se comunica con nosotros entre 31 y 60 d\u00edas despu\u00e9s de haber sido eliminado del programa, le ayudaremos a obtener una tarjeta de reemplazo para que pueda volver a usar sus beneficios. <\/span><span> <\/span><\/p>\n<p><span>Si no se comunica con nosotros dentro del plazo de dos meses tras ser eliminado del programa, no podremos reactivar su cuenta. <\/span><span> <\/span><\/p>\n<p>[\/et_pb_accordion_item][et_pb_accordion_item title=&#8221;Clientes de Fresh Bucks que se mudan fuera de los l\u00edmites de la ciudad de Seattle &#8221; _builder_version=&#8221;4.27.0&#8243; _module_preset=&#8221;default&#8221; hover_enabled=&#8221;0&#8243; sticky_enabled=&#8221;0&#8243;]<\/p>\n<p>Fresh Bucks se cubre con fondos de la ciudad de Seattle e incluye fondos procedentes del impuesto a las bebidas azucaradas de Seattle. Solo califican para el programa las personas que vivan dentro de los l\u00edmites de la ciudad de Seattle. Los clientes que se inscriban en el programa Fresh Bucks como habitantes de Seattle y luego se muden fuera de la ciudad ser\u00e1n retirados del programa.\u202f<a href=\"https:\/\/www.seattle.gov\/council\/meet-the-council\/find-your-district-and-councilmembers\">Utilice esta herramienta para saber si vive dentro de los l\u00edmites de la ciudad.<\/a><\/p>\n<p>[\/et_pb_accordion_item][\/et_pb_accordion][\/et_pb_column][\/et_pb_row][\/et_pb_section]<\/p>\n","protected":false},"excerpt":{"rendered":"<p>Pol\u00edticas del programa Fresh Bucks Fresh Bucks valora su participaci\u00f3n y se esfuerza por proporcionar la mejor experiencia para todos nuestros clientes. Para mantener la efectividad y la distribuci\u00f3n equitativa de los recursos dentro de nuestro programa, hemos establecido las siguientes pol\u00edticas del programa: Alentamos a los clientes a que usen sus beneficios todos los [&hellip;]<\/p>\n","protected":false},"author":3,"featured_media":0,"parent":0,"menu_order":0,"comment_status":"closed","ping_status":"closed","template":"","meta":{"_et_pb_use_builder":"on","_et_pb_old_content":"","_et_gb_content_width":"","_monsterinsights_skip_tracking":false,"_monsterinsights_sitenote_active":false,"_monsterinsights_sitenote_note":"","_monsterinsights_sitenote_category":0,"footnotes":""},"class_list":["post-108586","page","type-page","status-publish","hentry"],"_links":{"self":[{"href":"https:\/\/www.seattlefreshbucks.org\/es\/wp-json\/wp\/v2\/pages\/108586","targetHints":{"allow":["GET"]}}],"collection":[{"href":"https:\/\/www.seattlefreshbucks.org\/es\/wp-json\/wp\/v2\/pages"}],"about":[{"href":"https:\/\/www.seattlefreshbucks.org\/es\/wp-json\/wp\/v2\/types\/page"}],"author":[{"embeddable":true,"href":"https:\/\/www.seattlefreshbucks.org\/es\/wp-json\/wp\/v2\/users\/3"}],"replies":[{"embeddable":true,"href":"https:\/\/www.seattlefreshbucks.org\/es\/wp-json\/wp\/v2\/comments?post=108586"}],"version-history":[{"count":0,"href":"https:\/\/www.seattlefreshbucks.org\/es\/wp-json\/wp\/v2\/pages\/108586\/revisions"}],"wp:attachment":[{"href":"https:\/\/www.seattlefreshbucks.org\/es\/wp-json\/wp\/v2\/media?parent=108586"}],"curies":[{"name":"wp","href":"https:\/\/api.w.org\/{rel}","templated":true}]}}