{"id":108763,"date":"2025-02-27T14:56:07","date_gmt":"2025-02-27T22:56:07","guid":{"rendered":"https:\/\/www.seattlefreshbucks.org\/home-test\/"},"modified":"2025-02-27T14:56:08","modified_gmt":"2025-02-27T22:56:08","slug":"home-test","status":"publish","type":"page","link":"https:\/\/www.seattlefreshbucks.org\/es\/home-test\/","title":{"rendered":"Home Test"},"content":{"rendered":"<p>[et_pb_section fb_built=&#8221;1&#8243; admin_label=&#8221;Fresh Bucks Hero&#8221; _builder_version=&#8221;4.27.4&#8243; _module_preset=&#8221;default&#8221; background_enable_color=&#8221;off&#8221; background_enable_image=&#8221;off&#8221; background_position=&#8221;center_right&#8221; background_horizontal_offset=&#8221;0%&#8221; background_enable_mask_style=&#8221;on&#8221; background_mask_style=&#8221;arch&#8221; custom_padding=&#8221;0px||0px||false|false&#8221; bottom_divider_style=&#8221;wave2&#8243; bottom_divider_color=&#8221;#549f22&#8243; bottom_divider_arrangement=&#8221;above_content&#8221; background_last_edited=&#8221;on|tablet&#8221; use_background_color_gradient_tablet=&#8221;off&#8221; use_background_color_gradient_phone=&#8221;off&#8221; background_enable_image_tablet=&#8221;off&#8221; background_size_tablet=&#8221;cover&#8221; background_position_tablet=&#8221;center&#8221; background_enable_mask_style_tablet=&#8221;off&#8221; locked=&#8221;off&#8221; global_colors_info=&#8221;{}&#8221; theme_builder_area=&#8221;post_content&#8221;][et_pb_row column_structure=&#8221;1_2,1_2&#8243; make_equal=&#8221;on&#8221; _builder_version=&#8221;4.27.4&#8243; _module_preset=&#8221;default&#8221; background_enable_image=&#8221;off&#8221; width=&#8221;100%&#8221; max_width=&#8221;100%&#8221; height_tablet=&#8221;auto&#8221; height_phone=&#8221;&#8221; height_last_edited=&#8221;on|desktop&#8221; custom_padding=&#8221;0px||0px||false|false&#8221; global_colors_info=&#8221;{}&#8221; theme_builder_area=&#8221;post_content&#8221;][et_pb_column type=&#8221;1_2&#8243; _builder_version=&#8221;4.17.3&#8243; _module_preset=&#8221;default&#8221; custom_padding=&#8221;|||10%|false|false&#8221; custom_padding_tablet=&#8221;60px|60px|60px|60px|false|false&#8221; custom_padding_phone=&#8221;40px|40px|40px|40px|false|false&#8221; custom_padding_last_edited=&#8221;on|phone&#8221; custom_css_main_element=&#8221;display:flex;||flex-direction: column;||justify-content: center;&#8221; global_colors_info=&#8221;{}&#8221; theme_builder_area=&#8221;post_content&#8221;][et_pb_divider show_divider=&#8221;off&#8221; _builder_version=&#8221;4.27.4&#8243; _module_preset=&#8221;default&#8221; custom_margin=&#8221;80px||||false|false&#8221; custom_margin_tablet=&#8221;0px||||false|false&#8221; custom_margin_phone=&#8221;0px||||false|false&#8221; custom_margin_last_edited=&#8221;on|desktop&#8221; global_colors_info=&#8221;{}&#8221; theme_builder_area=&#8221;post_content&#8221;][\/et_pb_divider][et_pb_text admin_label=&#8221;Title&#8221; _builder_version=&#8221;4.17.3&#8243; _module_preset=&#8221;default&#8221; header_font=&#8221;||||||||&#8221; header_text_color=&#8221;#176031&#8243; header_font_size=&#8221;54px&#8221; header_2_text_color=&#8221;#176031&#8243; header_3_text_color=&#8221;#176031&#8243; background_layout=&#8221;dark&#8221; custom_margin=&#8221;||15px||false|false&#8221; header_font_size_tablet=&#8221;45px&#8221; header_font_size_phone=&#8221;30px&#8221; header_font_size_last_edited=&#8221;on|tablet&#8221; global_colors_info=&#8221;{}&#8221; theme_builder_area=&#8221;post_content&#8221;]<\/p>\n<h3>Bienvenidos a Fresh Bucks, un programa de alimentos saludables que ayuda a los habitantes de Seattle a comprar frutas y verduras.<\/h3>\n<p>[\/et_pb_text][et_pb_text admin_label=&#8221;Content&#8221; _builder_version=&#8221;4.27.4&#8243; _module_preset=&#8221;default&#8221; text_text_color=&#8221;#202220&#8243; text_line_height=&#8221;1.5em&#8221; header_text_color=&#8221;#176031&#8243; header_2_text_color=&#8221;#543594&#8243; header_3_text_color=&#8221;#543594&#8243; header_4_text_color=&#8221;#543594&#8243; background_layout=&#8221;dark&#8221; width=&#8221;85%&#8221; width_tablet=&#8221;100%&#8221; width_phone=&#8221;100%&#8221; width_last_edited=&#8221;on|desktop&#8221; custom_margin=&#8221;||50px||false|false&#8221; custom_margin_tablet=&#8221;&#8221; custom_margin_phone=&#8221;||20px||false|false&#8221; custom_margin_last_edited=&#8221;on|desktop&#8221; global_colors_info=&#8221;{}&#8221; width__hover_enabled=&#8221;off|desktop&#8221; theme_builder_area=&#8221;post_content&#8221;]<\/p>\n<div>\n<div>\n<div>\n<p>Los clientes que califican y est\u00e1n inscritos reciben $40 todos los meses para gastar en los mercados de agricultores, mercados independientes y supermercados participantes con la tarjeta Fresh Bucks o la aplicaci\u00f3n Healthy Savings.<\/p>\n<\/div>\n<\/div>\n<div><\/div>\n<\/div>\n<div><\/div>\n<p>[\/et_pb_text][et_pb_text _builder_version=&#8221;4.27.4&#8243; _module_preset=&#8221;default&#8221; text_text_color=&#8221;#202220&#8243; text_line_height=&#8221;1.5em&#8221; header_text_color=&#8221;#176031&#8243; header_2_text_color=&#8221;#543594&#8243; header_3_text_color=&#8221;#543594&#8243; header_4_text_color=&#8221;#543594&#8243; background_color=&#8221;rgba(249,224,129,0.25)&#8221; background_enable_mask_style=&#8221;on&#8221; background_mask_style=&#8221;corner-lake&#8221; background_mask_color=&#8221;rgba(249,224,129,0.25)&#8221; background_mask_transform=&#8221;invert&#8221; background_mask_size=&#8221;cover&#8221; background_mask_blend_mode=&#8221;overlay&#8221; background_layout=&#8221;dark&#8221; width=&#8221;95%&#8221; width_tablet=&#8221;100%&#8221; width_phone=&#8221;100%&#8221; width_last_edited=&#8221;on|desktop&#8221; custom_margin=&#8221;||||false|false&#8221; custom_margin_tablet=&#8221;||||false|false&#8221; custom_margin_phone=&#8221;||20px||false|false&#8221; custom_margin_last_edited=&#8221;on|desktop&#8221; custom_padding=&#8221;2%|2%|2%|2%|true|true&#8221; hover_enabled=&#8221;0&#8243; border_radii=&#8221;on|15px|15px|15px|15px&#8221; global_colors_info=&#8221;{}&#8221; theme_builder_area=&#8221;post_content&#8221; sticky_enabled=&#8221;0&#8243; link_font=&#8221;||||on||||&#8221;]<\/p>\n<h3>La solicitud de lista de espera de Fresh Bucks<\/h3>\n<p>A partir del 3 de marzo de 2025, solicite unirse a la lista de espera y obtener los beneficios de Fresh Bucks cuando est\u00e9n disponibles. La aplicaci\u00f3n permanecer\u00e1 abierta, por lo que podr\u00e1 presentar su solicitud en cualquier momento. <a href=\"https:\/\/www.seattlefreshbucks.org\/es\/solicitar\/\">Aprender m\u00e1s sobre la solicitud de lista de espera<\/a><\/p>\n<p>[\/et_pb_text][et_pb_button button_url=&#8221;https:\/\/civiform.seattle.gov\/programs\/fresh-bucks&#8221; url_new_window=&#8221;on&#8221; button_text=&#8221;Solicite Aqu\u00ed&#8221; disabled_on=&#8221;off|off|off&#8221; admin_label=&#8221;Call to Action Button&#8221; _builder_version=&#8221;4.27.4&#8243; _module_preset=&#8221;default&#8221; button_text_color=&#8221;#202220&#8243; button_bg_color=&#8221;#f6a81c&#8221; button_border_width=&#8221;0px&#8221; button_border_color=&#8221;#f6a81c&#8221; button_use_icon=&#8221;off&#8221; hover_enabled=&#8221;0&#8243; global_colors_info=&#8221;{}&#8221; button_bg_color__hover_enabled=&#8221;on|desktop&#8221; button_bg_color_gradient_start__hover=&#8221;#f74a1b&#8221; button_border_width__hover_enabled=&#8221;on|hover&#8221; button_border_width__hover=&#8221;2px&#8221; button_text_color__hover_enabled=&#8221;off|hover&#8221; button_text_color__hover=&#8221;#f8f4f1&#8243; button_bg_color_gradient_end__hover=&#8221;#f74a1b&#8221; transform_styles__hover_enabled=&#8221;on|hover&#8221; transform_scale__hover_enabled=&#8221;on|hover&#8221; transform_translate__hover_enabled=&#8221;on|hover&#8221; transform_rotate__hover_enabled=&#8221;on|hover&#8221; transform_skew__hover_enabled=&#8221;on|hover&#8221; transform_origin__hover_enabled=&#8221;on|hover&#8221; transform_scale__hover=&#8221;110%|110%&#8221; button_bg_color_gradient_stops__hover=&#8221;#f74a1b 0%|#f74a1b 100%&#8221; button_bg_color__hover=&#8221;#FFFFFF&#8221; button_bg_enable_color__hover=&#8221;on&#8221; theme_builder_area=&#8221;post_content&#8221; sticky_enabled=&#8221;0&#8243;][\/et_pb_button][et_pb_divider show_divider=&#8221;off&#8221; _builder_version=&#8221;4.27.4&#8243; _module_preset=&#8221;default&#8221; custom_margin=&#8221;120px||||false|false&#8221; custom_margin_tablet=&#8221;0px||||false|false&#8221; custom_margin_phone=&#8221;0px||||false|false&#8221; custom_margin_last_edited=&#8221;on|desktop&#8221; global_colors_info=&#8221;{}&#8221; theme_builder_area=&#8221;post_content&#8221;][\/et_pb_divider][\/et_pb_column][et_pb_column type=&#8221;1_2&#8243; _builder_version=&#8221;4.16&#8243; _module_preset=&#8221;default&#8221; background_enable_image=&#8221;off&#8221; global_colors_info=&#8221;{}&#8221; theme_builder_area=&#8221;post_content&#8221;][et_pb_image src=&#8221;https:\/\/www.seattlefreshbucks.org\/wp-content\/uploads\/2023\/08\/Smiling-African-American-Duo.png&#8221; alt=&#8221;Un hombre y una mujer afroamericanos en una tienda de comestibles sonr\u00eden mientras miran un tel\u00e9fono.&#8221; title_text=&#8221;Dos afroamericanos sonriendo&#8221; force_fullwidth=&#8221;on&#8221; module_class=&#8221;full-height-image-column&#8221; _builder_version=&#8221;4.27.4&#8243; _module_preset=&#8221;default&#8221; global_colors_info=&#8221;{}&#8221; theme_builder_area=&#8221;post_content&#8221;][\/et_pb_image][\/et_pb_column][\/et_pb_row][\/et_pb_section][et_pb_section fb_built=&#8221;1&#8243; next_background_color=&#8221;#ffffff&#8221; _builder_version=&#8221;4.27.4&#8243; _module_preset=&#8221;default&#8221; background_color=&#8221;#549f22&#8243; custom_padding=&#8221;||||true|false&#8221; bottom_divider_style=&#8221;wave2&#8243; bottom_divider_flip=&#8221;horizontal&#8221; global_colors_info=&#8221;{}&#8221; theme_builder_area=&#8221;post_content&#8221;][et_pb_row column_structure=&#8221;2_5,3_5&#8243; _builder_version=&#8221;4.17.3&#8243; _module_preset=&#8221;default&#8221; width=&#8221;100%&#8221; custom_padding=&#8221;|40px||40px|false|false&#8221; global_colors_info=&#8221;{}&#8221; theme_builder_area=&#8221;post_content&#8221;][et_pb_column type=&#8221;2_5&#8243; _builder_version=&#8221;4.16&#8243; _module_preset=&#8221;default&#8221; global_colors_info=&#8221;{}&#8221; theme_builder_area=&#8221;post_content&#8221;][et_pb_text _builder_version=&#8221;4.17.3&#8243; _module_preset=&#8221;default&#8221; text_text_color=&#8221;#FFFFFF&#8221; link_font=&#8221;||||on||||&#8221; link_text_color=&#8221;#FFFFFF&#8221; header_2_text_color=&#8221;#FFFFFF&#8221; header_2_font_size=&#8221;41px&#8221; custom_padding_phone=&#8221;|20px||20px|false|false&#8221; custom_padding_last_edited=&#8221;off|tablet&#8221; global_colors_info=&#8221;{}&#8221; theme_builder_area=&#8221;post_content&#8221;]<\/p>\n<h2>\u00bfRecibi\u00f3 su tarjeta Fresh Bucks?<\/h2>\n<p><span>Registre su cuenta y active su tarjeta para empezar a gastar sus Fresh Bucks.<\/span><\/p>\n<p><span><\/span><\/p>\n<p>[\/et_pb_text][et_pb_button button_url=&#8221;https:\/\/healthysavings.com\/FreshBucks\/Registration&#8221; url_new_window=&#8221;on&#8221; button_text=&#8221;Reg\u00edstrese&#8221; _builder_version=&#8221;4.17.3&#8243; _module_preset=&#8221;default&#8221; button_text_color=&#8221;#FFFFFF&#8221; button_bg_color=&#8221;#8300E9&#8243; custom_margin=&#8221;|0px||0px|false|false&#8221; custom_padding=&#8221;||||false|false&#8221; locked=&#8221;off&#8221; global_colors_info=&#8221;{}&#8221; theme_builder_area=&#8221;post_content&#8221;][\/et_pb_button][et_pb_text _builder_version=&#8221;4.27.4&#8243; _module_preset=&#8221;default&#8221; text_text_color=&#8221;#FFFFFF&#8221; global_colors_info=&#8221;{}&#8221; theme_builder_area=&#8221;post_content&#8221;]<\/p>\n<p><span>La tarjeta o aplicaci\u00f3n Fresh Bucks es la manera m\u00e1s r\u00e1pida y f\u00e1cil de utilizar los beneficios de Fresh Bucks para comprar las frutas y verduras que desea.<\/span><\/p>\n<p>[\/et_pb_text][\/et_pb_column][et_pb_column type=&#8221;3_5&#8243; _builder_version=&#8221;4.16&#8243; _module_preset=&#8221;default&#8221; global_colors_info=&#8221;{}&#8221; theme_builder_area=&#8221;post_content&#8221;][et_pb_video src=&#8221;https:\/\/youtu.be\/dESyVv0lMfQ&#8221; _builder_version=&#8221;4.16&#8243; _module_preset=&#8221;default&#8221; global_colors_info=&#8221;{}&#8221; theme_builder_area=&#8221;post_content&#8221;][\/et_pb_video][et_pb_text content_tablet=&#8221;<\/p>\n<p><span>Ver el video en varios idiomas: <a href=%22https:\/\/www.youtube.com\/watch?v=krIQDu5gpvU%22>chino<\/a>, <a href=%22https:\/\/www.youtube.com\/watch?v=2aPPgGi8-2I%22>ingl\u00e9s<\/a>, <a href=%22https:\/\/www.youtube.com\/watch?v=jVcO1dbkafk%22>somal\u00ed<\/a>, <a href=%22https:\/\/www.youtube.com\/watch?v=XaYcnLa4CfU%22>vietnamita<\/a><\/span><\/p>\n<p>&#8221; content_phone=&#8221;<\/p>\n<p><span>Ver el video en varios idiomas: <a href=%22https:\/\/www.youtube.com\/watch?v=krIQDu5gpvU%22>chino<\/a>, <a href=%22https:\/\/www.youtube.com\/watch?v=2aPPgGi8-2I%22>ingl\u00e9s<\/a>, <a href=%22https:\/\/www.youtube.com\/watch?v=jVcO1dbkafk%22>somal\u00ed<\/a>, <a href=%22https:\/\/www.youtube.com\/watch?v=XaYcnLa4CfU%22>vietnamita<\/a><\/span><\/p>\n<p>&#8221; content_last_edited=&#8221;on|desktop&#8221; _builder_version=&#8221;4.27.4&#8243; _module_preset=&#8221;default&#8221; text_text_color=&#8221;#000000&#8243; link_font=&#8221;||||on||||&#8221; link_text_color=&#8221;#ffffff&#8221; header_text_color=&#8221;#FFFFFF&#8221; header_2_text_color=&#8221;#FFFFFF&#8221; header_3_text_color=&#8221;#FFFFFF&#8221; width=&#8221;100%&#8221; text_text_color_tablet=&#8221;#FFFFFF&#8221; text_text_color_phone=&#8221;#FFFFFF&#8221; text_text_color_last_edited=&#8221;on|desktop&#8221; header_text_color_tablet=&#8221;#FFFFFF&#8221; header_text_color_phone=&#8221;#FFFFFF&#8221; header_text_color_last_edited=&#8221;on|desktop&#8221; header_2_text_color_tablet=&#8221;#FFFFFF&#8221; header_2_text_color_phone=&#8221;#FFFFFF&#8221; header_2_text_color_last_edited=&#8221;on|phone&#8221; header_3_text_color_tablet=&#8221;#FFFFFF&#8221; header_3_text_color_phone=&#8221;#FFFFFF&#8221; header_3_text_color_last_edited=&#8221;on|tablet&#8221; header_4_text_color_tablet=&#8221;#FFFFFF&#8221; header_4_text_color_phone=&#8221;#FFFFFF&#8221; header_4_text_color_last_edited=&#8221;on|phone&#8221; global_colors_info=&#8221;{}&#8221; link_text_color__hover_enabled=&#8221;on|desktop&#8221; link_text_color__hover=&#8221;#dbdbdb&#8221; theme_builder_area=&#8221;post_content&#8221;]<\/p>\n<div class=\"et_pb_text_inner\">\n<div data-shortcode-id=\"2.0.0.1-1658441723266\" data-quickaccess-editable=\"yes\" class=\"et-fb-popover-tinymce\">\n<div class=\"mce-content-body\" contenteditable=\"true\" style=\"position: relative;\">\n<p><span><span style=\"color: #ffffff;\">Ver el video en varios idiomas:<\/span> <a href=\"https:\/\/www.youtube.com\/watch?v=krIQDu5gpvU\">chino<\/a>, <a href=\"https:\/\/www.youtube.com\/watch?v=2aPPgGi8-2I\">ingl\u00e9s<\/a>, <a href=\"https:\/\/www.youtube.com\/watch?v=jVcO1dbkafk\">somal\u00ed<\/a>, <a href=\"https:\/\/www.youtube.com\/watch?v=XaYcnLa4CfU\">vietnamita<\/a><\/span><\/p>\n<\/div>\n<\/div>\n<\/div>\n<div class=\"et-fb-mousetrap et-fb-mousetrap--module et-fb-mousetrap-move\" style=\"background: 0px center; pointer-events: none;\"><\/div>\n<p>[\/et_pb_text][et_pb_divider show_divider=&#8221;off&#8221; _builder_version=&#8221;4.27.4&#8243; _module_preset=&#8221;default&#8221; custom_margin=&#8221;||50px||false|false&#8221; custom_margin_tablet=&#8221;||0px||false|false&#8221; custom_margin_phone=&#8221;||0px||false|false&#8221; custom_margin_last_edited=&#8221;on|desktop&#8221; global_colors_info=&#8221;{}&#8221; theme_builder_area=&#8221;post_content&#8221;][\/et_pb_divider][\/et_pb_column][\/et_pb_row][\/et_pb_section][et_pb_section fb_built=&#8221;1&#8243; _builder_version=&#8221;4.16&#8243; _module_preset=&#8221;default&#8221; global_colors_info=&#8221;{}&#8221; theme_builder_area=&#8221;post_content&#8221;][et_pb_row column_structure=&#8221;1_2,1_2&#8243; _builder_version=&#8221;4.16&#8243; _module_preset=&#8221;default&#8221; global_colors_info=&#8221;{}&#8221; theme_builder_area=&#8221;post_content&#8221;][et_pb_column type=&#8221;1_2&#8243; _builder_version=&#8221;4.16&#8243; _module_preset=&#8221;default&#8221; global_colors_info=&#8221;{}&#8221; theme_builder_area=&#8221;post_content&#8221;][et_pb_image src=&#8221;https:\/\/www.seattlefreshbucks.org\/wp-content\/uploads\/2021\/09\/icon-howtoapply.png&#8221; title_text=&#8221;icon-howtoapply&#8221; align=&#8221;center&#8221; _builder_version=&#8221;4.16&#8243; _module_preset=&#8221;default&#8221; global_colors_info=&#8221;{}&#8221; theme_builder_area=&#8221;post_content&#8221;][\/et_pb_image][et_pb_text _builder_version=&#8221;4.17.3&#8243; _module_preset=&#8221;default&#8221; header_2_text_color=&#8221;gcid-0b28b8a3-bbcc-492f-868c-6fad025b5c06&#8243; global_colors_info=&#8221;{%22gcid-0b28b8a3-bbcc-492f-868c-6fad025b5c06%22:%91%22header_2_text_color%22%93}&#8221; theme_builder_area=&#8221;post_content&#8221;]<\/p>\n<h2 style=\"text-align: center;\">\u00bfLe interesa el programa Fresh Bucks?<\/h2>\n<p>Para estar al tanto de las \u00faltimas novedades de Fresh Bucks y recibir m\u00e1s informaci\u00f3n, suscr\u00edbase a nuestro bolet\u00edn electr\u00f3nico y <a href=\"https:\/\/www.facebook.com\/SeattleFreshBucks\">s\u00edganos en Facebook<\/a>.<\/p>\n<p>[\/et_pb_text][et_pb_button button_url=&#8221;https:\/\/public.govdelivery.com\/accounts\/WASEATTLE\/subscriber\/new?topic_id=WASEATTLE_160&#8243; url_new_window=&#8221;on&#8221; button_text=&#8221;Suscribirse&#8221; button_alignment=&#8221;center&#8221; module_class=&#8221;mauvebutton&#8221; _builder_version=&#8221;4.17.3&#8243; _module_preset=&#8221;e0f4956f-8ffc-4768-8bf7-e26d2ed7f6b4&#8243; locked=&#8221;off&#8221; global_colors_info=&#8221;{}&#8221; theme_builder_area=&#8221;post_content&#8221;][\/et_pb_button][\/et_pb_column][et_pb_column type=&#8221;1_2&#8243; _builder_version=&#8221;4.16&#8243; _module_preset=&#8221;default&#8221; global_colors_info=&#8221;{}&#8221; theme_builder_area=&#8221;post_content&#8221;][et_pb_image src=&#8221;https:\/\/www.seattlefreshbucks.org\/wp-content\/uploads\/2021\/09\/icon-wheretoshop.png&#8221; title_text=&#8221;icon-wheretoshop&#8221; align=&#8221;center&#8221; _builder_version=&#8221;4.16&#8243; _module_preset=&#8221;default&#8221; global_colors_info=&#8221;{}&#8221; theme_builder_area=&#8221;post_content&#8221;][\/et_pb_image][et_pb_text _builder_version=&#8221;4.16&#8243; _module_preset=&#8221;default&#8221; header_2_text_color=&#8221;gcid-0b28b8a3-bbcc-492f-868c-6fad025b5c06&#8243; locked=&#8221;off&#8221; global_colors_info=&#8221;{%22gcid-0b28b8a3-bbcc-492f-868c-6fad025b5c06%22:%91%22header_2_text_color%22%93}&#8221; theme_builder_area=&#8221;post_content&#8221;]<\/p>\n<h2 style=\"text-align: center;\">D\u00f3nde comprar<\/h2>\n<p>Los clientes de Fresh Bucks pueden elegir entre docenas de mercados de agricultores y puestos agr\u00edcolas, mercados independientes y supermercados de Seattle para comprar sus frutas y verduras favoritas.<\/p>\n<p>[\/et_pb_text][et_pb_button button_url=&#8221;https:\/\/www.seattlefreshbucks.org\/es\/donde-comprar\/&#8221; button_text=&#8221;D\u00f3nde comprar&#8221; button_alignment=&#8221;center&#8221; module_class=&#8221;mauvebutton&#8221; _builder_version=&#8221;4.16&#8243; _module_preset=&#8221;e0f4956f-8ffc-4768-8bf7-e26d2ed7f6b4&#8243; locked=&#8221;off&#8221; global_colors_info=&#8221;{}&#8221; theme_builder_area=&#8221;post_content&#8221;][\/et_pb_button][\/et_pb_column][\/et_pb_row][\/et_pb_section][et_pb_section fb_built=&#8221;1&#8243; _builder_version=&#8221;4.16&#8243; _module_preset=&#8221;default&#8221; custom_margin=&#8221;0px||0px||true|false&#8221; custom_padding=&#8221;0px||0px||true|false&#8221; global_colors_info=&#8221;{}&#8221; theme_builder_area=&#8221;post_content&#8221;][et_pb_row _builder_version=&#8221;4.16&#8243; _module_preset=&#8221;default&#8221; global_colors_info=&#8221;{}&#8221; theme_builder_area=&#8221;post_content&#8221;][et_pb_column type=&#8221;4_4&#8243; _builder_version=&#8221;4.16&#8243; _module_preset=&#8221;default&#8221; global_colors_info=&#8221;{}&#8221; theme_builder_area=&#8221;post_content&#8221;][et_pb_divider show_divider=&#8221;off&#8221; _builder_version=&#8221;4.16&#8243; _module_preset=&#8221;default&#8221; global_colors_info=&#8221;{}&#8221; theme_builder_area=&#8221;post_content&#8221;][\/et_pb_divider][\/et_pb_column][\/et_pb_row][\/et_pb_section]<\/p>\n","protected":false},"excerpt":{"rendered":"<p>Bienvenidos a Fresh Bucks, un programa de alimentos saludables que ayuda a los habitantes de Seattle a comprar frutas y verduras. Los clientes que califican y est\u00e1n inscritos reciben $40 todos los meses para gastar en los mercados de agricultores, mercados independientes y supermercados participantes con la tarjeta Fresh Bucks o la aplicaci\u00f3n Healthy Savings. [&hellip;]<\/p>\n","protected":false},"author":3,"featured_media":0,"parent":0,"menu_order":0,"comment_status":"closed","ping_status":"closed","template":"","meta":{"_et_pb_use_builder":"on","_et_pb_old_content":"","_et_gb_content_width":"","_monsterinsights_skip_tracking":false,"_monsterinsights_sitenote_active":false,"_monsterinsights_sitenote_note":"","_monsterinsights_sitenote_category":0,"footnotes":""},"class_list":["post-108763","page","type-page","status-publish","hentry"],"_links":{"self":[{"href":"https:\/\/www.seattlefreshbucks.org\/es\/wp-json\/wp\/v2\/pages\/108763","targetHints":{"allow":["GET"]}}],"collection":[{"href":"https:\/\/www.seattlefreshbucks.org\/es\/wp-json\/wp\/v2\/pages"}],"about":[{"href":"https:\/\/www.seattlefreshbucks.org\/es\/wp-json\/wp\/v2\/types\/page"}],"author":[{"embeddable":true,"href":"https:\/\/www.seattlefreshbucks.org\/es\/wp-json\/wp\/v2\/users\/3"}],"replies":[{"embeddable":true,"href":"https:\/\/www.seattlefreshbucks.org\/es\/wp-json\/wp\/v2\/comments?post=108763"}],"version-history":[{"count":0,"href":"https:\/\/www.seattlefreshbucks.org\/es\/wp-json\/wp\/v2\/pages\/108763\/revisions"}],"wp:attachment":[{"href":"https:\/\/www.seattlefreshbucks.org\/es\/wp-json\/wp\/v2\/media?parent=108763"}],"curies":[{"name":"wp","href":"https:\/\/api.w.org\/{rel}","templated":true}]}}